{"id":19,"date":"2023-11-10T08:51:27","date_gmt":"2023-11-10T08:51:27","guid":{"rendered":"https:\/\/progettoego.it\/?page_id=19"},"modified":"2023-11-10T08:51:27","modified_gmt":"2023-11-10T08:51:27","slug":"home","status":"publish","type":"page","link":"https:\/\/progettoego.it\/","title":{"rendered":"Di cosa ci occupiamo?"},"content":{"rendered":"\r\n<div class=\"wp-block-cover alignfull is-light\" style=\"min-height: 400px;aspect-ratio:unset;\"><img fetchpriority=\"high\" decoding=\"async\" class=\"wp-block-cover__image-background\" style=\"object-position: 50% 64%; filter: brightness(40%) blur(1.5px);\" src=\"https:\/\/progettoego.it\/wp-content\/uploads\/2023\/10\/22777_clipdrop-enhance-scaled.jpeg\" alt=\"\" width=\"828\" height=\"400\" data-object-fit=\"cover\" data-object-position=\"50% 64%\" \/>\r\n<div class=\"wp-block-cover__inner-container is-layout-flow wp-block-cover-is-layout-flow\">\r\n<div class=\"wp-block-spacer\" style=\"height: 80px;\" aria-hidden=\"true\">\u00a0<\/div>\r\n\r\n\r\n\r\n<h1 class=\"has-text-align-center has-text-color wp-block-heading\" style=\"color: #ffffff;\"><br \/><br \/>La nostra missione<\/h1>\r\n\r\n\r\n\r\n<p class=\"has-text-align-center has-text-color\" style=\"color: #ffffff; font-size: 20px;\">La nostra missione \u00e8 ispirata da un profondo impegno a migliorare la qualit\u00e0 della vita in strutture ricettive, garantendo l&#8217;accessibilit\u00e0 a tutti, indipendentemente dalle abilit\u00e0 fisiche. La chiave per raggiungere questo obiettivo sta nella domotica, una soluzione innovativa in grado di abbattere le barriere architettoniche. Ci dedichiamo a creare ambienti sicuri, intelligenti e accoglienti in tutte le strutture, rendendo il benessere e il comfort alla portata di ogni ospite. L&#8217;abbattimento delle barriere architettoniche \u00e8 il fulcro del nostro impegno: ci\u00f2 significa garantire che le tecnologie di domotica siano accessibili e facili da usare per chiunque, comprese le persone con diverse abilit\u00e0 fisiche. La nostra visione \u00e8 un futuro in cui ogni struttura, dall&#8217;hotel all&#8217;azienda, offra un&#8217;esperienza inclusiva e accogliente. Con la domotica, intendiamo realizzare questa visione, contribuendo a costruire un mondo in cui ogni ambiente diventa sicuro, intelligente e adatto a tutti..<\/p>\r\n\r\n\r\n\r\n<div class=\"wp-block-buttons is-content-justification-center is-layout-flex wp-container-core-buttons-is-layout-a89b3969 wp-block-buttons-is-layout-flex\"><\/div>\r\n\r\n\r\n\r\n<div class=\"wp-block-spacer\" style=\"height: 80px;\" aria-hidden=\"true\">\u00a0<\/div>\r\n\r\n\r\n\r\n<div class=\"wp-block-spacer\" style=\"height: 80px;\" aria-hidden=\"true\">\u00a0<\/div>\r\n\r\n\r\n\r\n<p>&nbsp;<\/p>\r\n<\/div>\r\n<\/div>\r\n\r\n<p>&nbsp;<\/p>\r\n\r\n<div class=\"wp-block-columns\">\r\n<div class=\"wp-block-column\">\r\n\r\n\r\n<div class=\"wp-block-spacer\" style=\"height: 20px;\" aria-hidden=\"true\">\u00a0<\/div>\r\n<\/div>\r\n<!-- \/wp:post-content --><\/div>\r\n<!-- \/wp:columns -->\r\n\r\n<!-- wp:spacer {\"height\":80} --><!-- \/wp:spacer -->\r\n\r\n<!-- wp:cover {\"overlayColor\":\"nv-light-bg\",\"minHeight\":600,\"align\":\"full\"} -->\r\n<div class=\"wp-block-cover alignfull has-nv-light-bg-background-color has-background-dim\" style=\"min-height: 600px;\">\r\n<div class=\"wp-block-cover__inner-container\"><!-- wp:group -->\r\n<div class=\"wp-block-group\">\r\n<div class=\"wp-block-group__inner-container\"><!-- wp:spacer {\"height\":80} --><!-- \/wp:spacer -->\r\n\r\n<!-- wp:columns {\"verticalAlignment\":\"center\"} -->\r\n<div class=\"wp-block-columns are-vertically-aligned-center\"><!-- wp:column {\"verticalAlignment\":\"center\",\"width\":50} -->\r\n<div class=\"wp-block-column is-vertically-aligned-center\" style=\"flex-basis: 50%;\"><!-- wp:image {} -->\r\n<figure class=\"wp-block-image\"><img decoding=\"async\" class=\"alignnone  wp-image-139\" src=\"https:\/\/progettoego.it\/wp-content\/uploads\/2023\/10\/Inspection-300x158.webp\" alt=\"\" width=\"515\" height=\"271\" srcset=\"https:\/\/progettoego.it\/wp-content\/uploads\/2023\/10\/Inspection-300x158.webp 300w, https:\/\/progettoego.it\/wp-content\/uploads\/2023\/10\/Inspection-768x403.webp 768w, https:\/\/progettoego.it\/wp-content\/uploads\/2023\/10\/Inspection-600x315.webp 600w, https:\/\/progettoego.it\/wp-content\/uploads\/2023\/10\/Inspection.webp 800w\" sizes=\"(max-width: 515px) 100vw, 515px\" \/><\/figure>\r\n<!-- \/wp:image --><\/div>\r\n<!-- \/wp:column -->\r\n\r\n<!-- wp:column {\"verticalAlignment\":\"center\",\"width\":\"50%\"} -->\r\n<div class=\"wp-block-column is-vertically-aligned-center\" style=\"flex-basis: 50%;\"><!-- wp:spacer {\"height\":20} --><!-- \/wp:spacer -->\r\n\r\n<!-- wp:heading {\"textAlign\":\"left\",\"textColor\":\"neve-text-color\"} -->\r\n<h2 class=\"has-text-align-left has-neve-text-color-color has-text-color\">Sopralluogo<\/h2>\r\n<!-- \/wp:heading -->\r\n\r\n<!-- wp:paragraph {\"align\":\"left\",\"textColor\": \"neve-text-color\",\"style\":{\"typography\":{\"fontSize\":17}}} -->\r\n<p class=\"has-text-align-left has-neve-text-color-color has-text-color\" style=\"color: #000000;\">Per avviare il processo di trasformazione, un team di esperti eseguir\u00e0 un accurato sopralluogo delle strutture ricettive. Durante questa fase, si dar\u00e0 particolare rilevanza all&#8217;abbattimento delle barriere architettoniche, assicurandosi che il risultato finale sia altamente adattabile ed accessibile.<\/p>\r\n<!-- \/wp:paragraph -->\r\n\r\n<!-- wp:buttons {\"align\":\"left\"} -->\r\n<div class=\"wp-block-buttons alignleft\"><!-- wp:button {\"className\":\"is-style-primary\"} --><\/div>\r\n<\/div>\r\n<\/div>\r\n<!-- \/wp:spacer --><\/div>\r\n<\/div>\r\n<!-- \/wp:group --><\/div>\r\n<\/div>\r\n<!-- \/wp:cover -->\r\n\r\n<!-- wp:cover {\"overlayColor\":\"nv-site-bg\",\"minHeight\":600,\"align\":\"full\"} -->\r\n<div class=\"wp-block-cover alignfull has-nv-site-bg-background-color has-background-dim\" style=\"min-height: 600px;\">\r\n<div class=\"wp-block-cover__inner-container\"><!-- wp:group -->\r\n<div class=\"wp-block-group\">\r\n<div class=\"wp-block-group__inner-container\"><!-- wp:spacer {\"height\":80} --><!-- \/wp:spacer -->\r\n\r\n<!-- wp:columns {\"verticalAlignment\":\"center\"} -->\r\n<div class=\"wp-block-columns are-vertically-aligned-center\">\r\n<div class=\"wp-block-column is-vertically-aligned-center\" style=\"flex-basis: 50%;\">\r\n<h2 class=\"has-text-align-left has-neve-text-color-color has-text-color\">Progettazione<\/h2>\r\n<p class=\"has-text-align-left has-neve-text-color-color has-text-color\" style=\"font-size: 17px; color: #000000;\">Successivamente al sopralluogo, si proceder\u00e0 con la fase di progettazione. Qui, verranno sviluppati piani personalizzati per ciascuna struttura ricettiva, prestano grande attenzione a ciascun dettaglio. Ogni soluzione sar\u00e0 attentamente studiata per massimizzare il comfort e la sicurezza.<\/p>\r\n<p>&nbsp;<\/p>\r\n<\/div>\r\n<div class=\"wp-block-column is-vertically-aligned-center\" style=\"flex-basis: 50%;\">\r\n<figure class=\"wp-block-image \"><img decoding=\"async\" class=\"alignnone  wp-image-160\" src=\"https:\/\/progettoego.it\/wp-content\/uploads\/2023\/10\/20230619_0744100-300x300.jpg\" alt=\"\" width=\"422\" height=\"422\" srcset=\"https:\/\/progettoego.it\/wp-content\/uploads\/2023\/10\/20230619_0744100-300x300.jpg 300w, https:\/\/progettoego.it\/wp-content\/uploads\/2023\/10\/20230619_0744100-1024x1024.jpg 1024w, https:\/\/progettoego.it\/wp-content\/uploads\/2023\/10\/20230619_0744100-150x150.jpg 150w, https:\/\/progettoego.it\/wp-content\/uploads\/2023\/10\/20230619_0744100-768x768.jpg 768w, https:\/\/progettoego.it\/wp-content\/uploads\/2023\/10\/20230619_0744100-1536x1536.jpg 1536w, https:\/\/progettoego.it\/wp-content\/uploads\/2023\/10\/20230619_0744100-2048x2048.jpg 2048w, https:\/\/progettoego.it\/wp-content\/uploads\/2023\/10\/20230619_0744100-2000x2000.jpg 2000w, https:\/\/progettoego.it\/wp-content\/uploads\/2023\/10\/20230619_0744100-600x600.jpg 600w, https:\/\/progettoego.it\/wp-content\/uploads\/2023\/10\/20230619_0744100-1200x1200.jpg 1200w, https:\/\/progettoego.it\/wp-content\/uploads\/2023\/10\/20230619_0744100-800x800.jpg 800w\" sizes=\"(max-width: 422px) 100vw, 422px\" \/><\/figure>\r\n<\/div>\r\n<\/div>\r\n<p>&nbsp;<\/p>\r\n<div class=\"wp-block-column is-vertically-aligned-center\">\r\n<figure><\/figure>\r\n<figure><\/figure>\r\n<div class=\"wp-block-cover alignfull has-nv-light-bg-background-color has-background-dim\">\r\n<div class=\"wp-block-cover__inner-container\">\r\n<div class=\"wp-block-group\">\r\n<div class=\"wp-block-group__inner-container\">\r\n<div class=\"wp-block-spacer\" aria-hidden=\"true\">\u00a0<\/div>\r\n<!-- \/wp:spacer -->\r\n\r\n<!-- wp:columns {\"verticalAlignment\":\"center\"} -->\r\n<div class=\"wp-block-columns are-vertically-aligned-center\">\r\n<div class=\"wp-block-column is-vertically-aligned-center\">\r\n<figure class=\"wp-block-image\"><img loading=\"lazy\" decoding=\"async\" class=\"alignnone  wp-image-184\" src=\"https:\/\/progettoego.it\/wp-content\/uploads\/2023\/10\/imp_elettrico-300x226.jpg\" alt=\"\" width=\"480\" height=\"362\" srcset=\"https:\/\/progettoego.it\/wp-content\/uploads\/2023\/10\/imp_elettrico-300x226.jpg 300w, https:\/\/progettoego.it\/wp-content\/uploads\/2023\/10\/imp_elettrico-1024x772.jpg 1024w, https:\/\/progettoego.it\/wp-content\/uploads\/2023\/10\/imp_elettrico-768x579.jpg 768w, https:\/\/progettoego.it\/wp-content\/uploads\/2023\/10\/imp_elettrico-600x452.jpg 600w, https:\/\/progettoego.it\/wp-content\/uploads\/2023\/10\/imp_elettrico.jpg 1136w\" sizes=\"(max-width: 480px) 100vw, 480px\" \/><\/figure>\r\n<\/div>\r\n<div class=\"wp-block-column is-vertically-aligned-center\">\r\n<div class=\"wp-block-spacer\" aria-hidden=\"true\">\u00a0<\/div>\r\n<h2 class=\"has-text-align-left has-neve-text-color-color has-text-color\">Installazione<\/h2>\r\n<p class=\"has-text-align-left has-neve-text-color-color has-text-color\" style=\"color: #000000;\">Dopo la progettazione, un team altamente qualificato provveder\u00e0 all&#8217;installazione delle soluzioni domotiche. La precisione ed efficienza assicureranno una corretta installazione, eliminando eventuali barriere architettoniche e rendendo le strutture accessibili a tutti.<\/p>\r\n<\/div>\r\n<\/div>\r\n<!-- wp:cover {\"overlayColor\":\"nv-site-bg\",\"minHeight\":600,\"align\":\"full\"} -->\r\n<div class=\"wp-block-cover alignfull has-nv-site-bg-background-color has-background-dim\" style=\"min-height: 600px;\">\r\n<div class=\"wp-block-cover__inner-container\"><!-- wp:group -->\r\n<div class=\"wp-block-group\">\r\n<div class=\"wp-block-group__inner-container\"><!-- wp:spacer {\"height\":80} -->\r\n<div class=\"wp-block-spacer\" style=\"height: 80px;\" aria-hidden=\"true\">\u00a0<\/div>\r\n<!-- \/wp:spacer -->\r\n\r\n<!-- wp:columns {\"verticalAlignment\":\"center\"} -->\r\n<div class=\"wp-block-columns are-vertically-aligned-center\">\r\n<div class=\"wp-block-column is-vertically-aligned-center\" style=\"flex-basis: 50%;\">\r\n<h2 class=\"has-text-align-left has-neve-text-color-color has-text-color\">Programmazione<\/h2>\r\n<p class=\"has-text-align-left has-neve-text-color-color has-text-color\" style=\"font-size: 17px; color: #000000;\">Infine, un altro team di esperti si occuper\u00e0 della programmazione e personalizzazione. Garantiremo che le soluzioni siano facili da gestire e completamente personalizzabili per adattarsi alle specifiche preferenze di ciascuna struttura. Ogni aspetto del sistema sar\u00e0 controllabile tramite app o comandi vocali, per garantire la massima adattabilit\u00e0 alle esigenze.<\/p>\r\n<p>&nbsp;<\/p>\r\n<\/div>\r\n<div class=\"wp-block-column is-vertically-aligned-center\" style=\"flex-basis: 50%;\">\r\n<figure class=\"wp-block-image \"><img loading=\"lazy\" decoding=\"async\" class=\"alignnone  wp-image-163\" src=\"https:\/\/progettoego.it\/wp-content\/uploads\/2023\/10\/a-man-coding-on-a-pc-300x205.jpeg\" alt=\"\" width=\"456\" height=\"312\" srcset=\"https:\/\/progettoego.it\/wp-content\/uploads\/2023\/10\/a-man-coding-on-a-pc-300x205.jpeg 300w, https:\/\/progettoego.it\/wp-content\/uploads\/2023\/10\/a-man-coding-on-a-pc-1024x701.jpeg 1024w, https:\/\/progettoego.it\/wp-content\/uploads\/2023\/10\/a-man-coding-on-a-pc-768x525.jpeg 768w, https:\/\/progettoego.it\/wp-content\/uploads\/2023\/10\/a-man-coding-on-a-pc-600x411.jpeg 600w, https:\/\/progettoego.it\/wp-content\/uploads\/2023\/10\/a-man-coding-on-a-pc-1200x821.jpeg 1200w, https:\/\/progettoego.it\/wp-content\/uploads\/2023\/10\/a-man-coding-on-a-pc.jpeg 1216w\" sizes=\"(max-width: 456px) 100vw, 456px\" \/><\/figure>\r\n<\/div>\r\n<\/div>\r\n<p>&nbsp;<\/p>\r\n<div class=\"wp-block-cover alignfull has-nv-site-bg-background-color has-background-dim\" style=\"min-height: 600px;\">\r\n<div class=\"wp-block-cover__inner-container\"><!-- wp:group -->\r\n<div class=\"wp-block-group\">\r\n<div class=\"wp-block-group__inner-container\"><!-- wp:spacer {\"height\":80} --><!-- \/wp:spacer -->\r\n\r\n<!-- wp:heading {\"textColor\":\"neve-text-color\"} -->\r\n<h2 class=\"has-neve-text-color-color has-text-color\" style=\"text-align: center;\">Obiettivi agenda 2030 coinvolti:<\/h2>\r\n<!-- \/wp:heading -->\r\n\r\n<!-- wp:spacer {\"height\":20} -->\r\n<div class=\"wp-block-spacer\" style=\"height: 20px;\" aria-hidden=\"true\">\u00a0<\/div>\r\n<!-- \/wp:spacer -->\r\n\r\n<!-- wp:columns {\"verticalAlignment\":\"center\"} -->\r\n<div class=\"wp-block-columns are-vertically-aligned-center\"><!-- wp:column {\"verticalAlignment\":\"center\",\"width\":50} -->\r\n\r\n<!-- wp:spacer {\"height\":40} -->\r\n<div class=\"wp-block-spacer\" style=\"height: 40px;\" aria-hidden=\"true\">\u00a0<\/div>\r\n<!-- \/wp:spacer --><\/div>\r\n<!-- \/wp:column -->\r\n\r\n<!-- wp:column {\"verticalAlignment\":\"center\",\"width\":50} -->\r\n<div class=\"wp-block-column is-vertically-aligned-center\" style=\"flex-basis: 50%;\"><!-- wp:image {} -->\r\n<figure class=\"wp-block-image\">\u00a0\u00a0\u00a0\u00a0\u00a0\u00a0\u00a0\u00a0\u00a0\u00a0\u00a0\u00a0\u00a0\u00a0\u00a0 <img loading=\"lazy\" decoding=\"async\" class=\"size-full wp-image-119 alignnone\" src=\"https:\/\/progettoego.it\/wp-content\/uploads\/2023\/10\/original.jpg\" alt=\"\" width=\"189\" height=\"189\" srcset=\"https:\/\/progettoego.it\/wp-content\/uploads\/2023\/10\/original.jpg 189w, https:\/\/progettoego.it\/wp-content\/uploads\/2023\/10\/original-150x150.jpg 150w\" sizes=\"(max-width: 189px) 100vw, 189px\" \/> <img loading=\"lazy\" decoding=\"async\" class=\"size-full wp-image-118 alignnone\" src=\"https:\/\/progettoego.it\/wp-content\/uploads\/2023\/10\/11.jpg\" alt=\"\" width=\"189\" height=\"189\" srcset=\"https:\/\/progettoego.it\/wp-content\/uploads\/2023\/10\/11.jpg 189w, https:\/\/progettoego.it\/wp-content\/uploads\/2023\/10\/11-150x150.jpg 150w\" sizes=\"(max-width: 189px) 100vw, 189px\" \/> <img loading=\"lazy\" decoding=\"async\" class=\"size-full wp-image-117 alignnone\" src=\"https:\/\/progettoego.it\/wp-content\/uploads\/2023\/10\/9.jpg\" alt=\"\" width=\"189\" height=\"189\" srcset=\"https:\/\/progettoego.it\/wp-content\/uploads\/2023\/10\/9.jpg 189w, https:\/\/progettoego.it\/wp-content\/uploads\/2023\/10\/9-150x150.jpg 150w\" sizes=\"(max-width: 189px) 100vw, 189px\" \/> <img loading=\"lazy\" decoding=\"async\" class=\"size-full wp-image-116 alignnone\" src=\"https:\/\/progettoego.it\/wp-content\/uploads\/2023\/10\/8.jpg\" alt=\"\" width=\"189\" height=\"189\" srcset=\"https:\/\/progettoego.it\/wp-content\/uploads\/2023\/10\/8.jpg 189w, https:\/\/progettoego.it\/wp-content\/uploads\/2023\/10\/8-150x150.jpg 150w\" sizes=\"(max-width: 189px) 100vw, 189px\" \/> <img loading=\"lazy\" decoding=\"async\" class=\"size-full wp-image-115 alignnone\" src=\"https:\/\/progettoego.it\/wp-content\/uploads\/2023\/10\/7.jpg\" alt=\"\" width=\"189\" height=\"189\" srcset=\"https:\/\/progettoego.it\/wp-content\/uploads\/2023\/10\/7.jpg 189w, https:\/\/progettoego.it\/wp-content\/uploads\/2023\/10\/7-150x150.jpg 150w\" sizes=\"(max-width: 189px) 100vw, 189px\" \/><\/figure>\r\n<!-- \/wp:image -->\r\n\r\n<!-- wp:spacer {\"height\":40} -->\r\n<div class=\"wp-block-spacer\" style=\"height: 40px;\" aria-hidden=\"true\">\u00a0<\/div>\r\n<!-- \/wp:spacer --><\/div>\r\n<!-- \/wp:column --><\/div>\r\n<!-- \/wp:columns -->\r\n\r\n<!-- wp:spacer {\"height\":40} --><!-- \/wp:spacer --><\/div>\r\n<\/div>\r\n<!-- \/wp:group --><\/div>\r\n<!-- \/wp:cover -->\r\n\r\n<!-- wp:cover {\"overlayColor\":\"nv-light-bg\",\"minHeight\":420,\"align\":\"full\"} --><!-- \/wp:cover --><\/div>\r\n<\/div>\r\n<\/div>\r\n<\/div>\r\n<\/div>\r\n<\/div>\r\n<\/div>\r\n<\/div>\r\n<\/div>\r\n<\/div>\r\n<\/div>\r\n<\/div>\r\n<\/div>","protected":false},"excerpt":{"rendered":"<p>&nbsp; Sopralluogo Per avviare il processo di trasformazione, un team di esperti eseguir\u00e0 un accurato sopralluogo delle strutture ricettive. Durante questa fase, si dar\u00e0 particolare rilevanza all&#8217;abbattimento delle barriere architettoniche, assicurandosi che il risultato finale sia altamente adattabile ed accessibile. Progettazione Successivamente al sopralluogo, si proceder\u00e0 con la fase di progettazione. Qui, verranno sviluppati piani &hellip; <\/p>\n<p class=\"link-more\"><a href=\"https:\/\/progettoego.it\/\" class=\"more-link\">Leggi tutto<span class=\"screen-reader-text\"> &#8220;Di cosa ci occupiamo?&#8221;<\/span><\/a><\/p>\n","protected":false},"author":1,"featured_media":0,"parent":0,"menu_order":0,"comment_status":"closed","ping_status":"closed","template":"","meta":{"footnotes":""},"class_list":["post-19","page","type-page","status-publish","hentry"],"jetpack_sharing_enabled":true,"featured_media_urls":[],"_links":{"self":[{"href":"https:\/\/progettoego.it\/index.php\/wp-json\/wp\/v2\/pages\/19","targetHints":{"allow":["GET"]}}],"collection":[{"href":"https:\/\/progettoego.it\/index.php\/wp-json\/wp\/v2\/pages"}],"about":[{"href":"https:\/\/progettoego.it\/index.php\/wp-json\/wp\/v2\/types\/page"}],"author":[{"embeddable":true,"href":"https:\/\/progettoego.it\/index.php\/wp-json\/wp\/v2\/users\/1"}],"replies":[{"embeddable":true,"href":"https:\/\/progettoego.it\/index.php\/wp-json\/wp\/v2\/comments?post=19"}],"version-history":[{"count":128,"href":"https:\/\/progettoego.it\/index.php\/wp-json\/wp\/v2\/pages\/19\/revisions"}],"predecessor-version":[{"id":199,"href":"https:\/\/progettoego.it\/index.php\/wp-json\/wp\/v2\/pages\/19\/revisions\/199"}],"wp:attachment":[{"href":"https:\/\/progettoego.it\/index.php\/wp-json\/wp\/v2\/media?parent=19"}],"curies":[{"name":"wp","href":"https:\/\/api.w.org\/{rel}","templated":true}]}}